{"id":91,"date":"2017-08-13T00:09:22","date_gmt":"2017-08-12T22:09:22","guid":{"rendered":"https:\/\/chumdochau.ch\/pfadi\/?page_id=91"},"modified":"2021-04-22T11:29:00","modified_gmt":"2021-04-22T09:29:00","slug":"fragen","status":"publish","type":"page","link":"https:\/\/chumdochau.ch\/pfadi\/fragen\/","title":{"rendered":"Was du \u00fcber die Pfadi wissen musst:"},"content":{"rendered":"<div id=\"pl-91\"  class=\"panel-layout\" ><div id=\"pg-91-0\"  class=\"panel-grid panel-no-style\" ><div id=\"pgc-91-0-0\"  class=\"panel-grid-cell\" ><div id=\"panel-91-0-0-0\" class=\"so-panel widget widget_sow-headline panel-first-child\" data-index=\"0\" ><div\n\t\t\t\n\t\t\tclass=\"so-widget-sow-headline so-widget-sow-headline-default-26f3d03b7817-91 so-widget-fittext-wrapper\"\n\t\t\t data-fit-text-compressor=\"0.85\"\n\t\t><div class=\"sow-headline-container \">\n\t\t\t\t\t\t\t<h1 class=\"sow-headline\">\n\t\t\t\t\t\tFAQ - Pfadi Schwyz - FAQ\t\t\t\t\t\t<\/h1>\n\t\t\t\t\t\t\t\t\t\t\t<div class=\"decoration\">\n\t\t\t\t\t\t<div class=\"decoration-inside\"><\/div>\n\t\t\t\t\t<\/div>\n\t\t\t\t\t\t\t\t\t\t\t<h3 class=\"sow-sub-headline\">\n\t\t\t\t\t\tN\u00fctzliches Wissen rund um die Pfadi Schwyz:\t\t\t\t\t\t<\/h3>\n\t\t\t\t\t\t<\/div>\n<\/div><\/div><div id=\"panel-91-0-0-1\" class=\"so-panel widget widget_lsow-accordion panel-last-child\" data-index=\"1\" ><div class=\"panel-widget-style panel-widget-style-for-91-0-0-1\" ><div\n\t\t\t\n\t\t\tclass=\"so-widget-lsow-accordion so-widget-lsow-accordion-default-d75171398898-91\"\n\t\t\t\n\t\t>\n<div class=\"lsow-accordion style1\" data-toggle=\"false\" data-expanded=\"false\"><div class=\"lsow-panel\" id=\"\"><div class=\"lsow-panel-title\">Wie alt muss ich sein f\u00fcr die Pfadi?<\/div><div class=\"lsow-panel-content\"><p>Die Pfadi besteht aus\u00a0<strong>f\u00fcnf\u00a0<\/strong>Stufen:<\/p>\n<p>Die J\u00fcngsten sind die<strong>\u00a0Biber<\/strong>: F\u00fcr Kinder ab 5 bietet die Pfadi Raum sich selber und andere besser kennen zu lernen. Zudem werden Fantasiebed\u00fcrfnis und Kreativit\u00e4t angeregt.\u00a0Bei den\u00a0<strong>W\u00f6lfen<\/strong>\u00a0ab 7 steht der Entdeckungsdrang im Mittelpunkt. Kinder lernen die\u00a0 Pfadi durch Spiele und Aktivit\u00e4ten kennen.\u00a0In der<strong> Pfadistufe\u00a0<\/strong>erleben Kinder und Jugendliche in kleinen Gruppen gemeinsam viele Abenteuer. Ab 13 Jahren k\u00f6nnen sie erste Kurse besuchen.<strong>\u00a0<\/strong><strong>Bei den\u00a0Pios<\/strong>\u00a0ab 15 dreht sich alles um die Equipe, eine Gruppe von f\u00fcnf bis zehn Jugendlichen. Betreut durch Leitende entwickeln sie eigene Projekte.\u00a0Die\u00a0<strong>Leiterinnen und Leiter<\/strong>\u00a0organisieren Aktivit\u00e4ten f\u00fcr Kinder und Jugendliche aller Stufen. Die\u00a0<strong>Rover<\/strong>\u00a0setzen sich Ziele, die sie herausfordern.<\/p>\n<\/div><\/div><!-- .lsow-panel --><div class=\"lsow-panel\" id=\"\"><div class=\"lsow-panel-title\">Was macht man bei den Biber?<\/div><div class=\"lsow-panel-content\"><p>Knaben und M\u00e4dchen gehen beide miteinander zu den Biber. Wenn du zu den Biber gehst, kommst du in eine Gruppe zusammen mit den anderen Kindern der Biber und spielst und erlebst Abenteuer mit ihnen. Die Biber werden von mehreren Leiterinnen und Leitern geleitet die schon \u00e4lter sind und Erfahrung mit kleinen Kindern haben, die mit dir viele tolle Dinge unternehmen. Und die dir auch helfen k\u00f6nnen, wenn du mal Hilfe brauchst.<\/p>\n<p>Nach ca. zwei Jahren bei den Biber hast du viel erlebt und gelernt und kannst du zu den W\u00f6lfli wechseln. Dort geht dein Pfadiabenteuer weiter.<\/p>\n<p>Wenn du Lust auf die Biber bekommen hast und noch mehr \u00fcber uns erfahren willst, kannst du dich \u00fcber das <a href=\"https:\/\/chumdochau.ch\/pfadi\/contact\/\">Kontaktformular<\/a> bei uns melden.<\/p>\n<\/div><\/div><!-- .lsow-panel --><div class=\"lsow-panel\" id=\"\"><div class=\"lsow-panel-title\">Was macht man bei den W\u00f6lfli?<\/div><div class=\"lsow-panel-content\"><p>Die W\u00f6lfli treffen sich regelm\u00e4ssig (meistens am Samstag), um zusammen Abenteuer zu erleben. Dabei lernst du viele neue Spiele kennen und kannst dich zusammen mit deinen Gsp\u00e4nli austoben. Von deinen Leiterinnen und Leiter kannst du viel lernen. Knaben und M\u00e4dchen gehen beide zu den W\u00f6lfli. Ihr geniesst es, viel draussen zu sein, und bratet auch mal eine Wurst am Lagerfeuer.<br \/>\nDer H\u00f6hepunkt jedes Jahres ist sicher das Lager: Alle W\u00f6lfli gehen zusammen mit ihren Leiterinnen und Leitern f\u00fcr eine Woche in ein Lagerhaus. Ein packendes Lagerthema begleitet euch durch die ganze Woche. Am Abend brennt das Lagerfeuer, ihr macht Ausfl\u00fcge, habt viel Zeit zum Spielen und auch einmal Basteln. Im Sommerlager erh\u00e4lst du auch endlich deinen Pfadinamen!<\/p>\n<p>Nach zwei Jahren bei den W\u00f6lfli hast du viel erlebt und gelernt und kannst du zu den Pfadis wechseln. Dort geht das Pfadiabenteuer weiter.<\/p>\n<p>Wenn du Lust auf die W\u00f6lfli bekommen hast und noch mehr \u00fcber uns erfahren willst, kannst du dich \u00fcber das <a href=\"https:\/\/chumdochau.ch\/pfadi\/contact\/\">Kontaktformular<\/a> bei uns melden.<\/p>\n<\/div><\/div><!-- .lsow-panel --><div class=\"lsow-panel\" id=\"\"><div class=\"lsow-panel-title\">Was macht man in der Pfadi?<\/div><div class=\"lsow-panel-content\"><p>Die Pfadi trifft sich regelm\u00e4ssig, um zusammen etwas zu unternehmen. Ihr seid viel draussen unterwegs, macht Spiele und Sport, jagt B\u00f6sewichte oder \u00fcbermittelt geheime Botschaften.<\/p>\n<p>Einmal im Jahr gehst du mit den Pfadi f\u00fcr zwei Wochen in ein Zeltlager: die zwei sch\u00f6nsten Wochen im Jahr! Mit einfachen Mitteln gestaltet ihr euren Lagerplatz. Das Lagerthema f\u00fchrt euch in fremde L\u00e4nder oder in andere Zeiten. Und die Abende am Lagerfeuer sind unvergesslich!<\/p>\n<p>Nach rund 4 Jahren bei den Pfadi ist es Zeit, weiterzugehen. Du hast nun das n\u00f6tige R\u00fcstzeug, um zu den Pios zu gehen und dort deine Pfadigeschichte weiterzuspinnen.<\/p>\n<p>Wenn du Lust auf die Pfadi bekommen hast und noch mehr \u00fcber uns erfahren willst, kannst du dich \u00fcber das <a href=\"https:\/\/chumdochau.ch\/pfadi\/contact\/\">Kontaktformular<\/a> bei uns melden.<\/p>\n<\/div><\/div><!-- .lsow-panel --><div class=\"lsow-panel\" id=\"\"><div class=\"lsow-panel-title\">Was macht man bei den Pios?<\/div><div class=\"lsow-panel-content\"><p>Was du du bei den Pios machst , h\u00e4ngt vor allem davon ab, was du machen willst! Die Unternehmung beginnt damit, dass ihr die verr\u00fccktesten Ideen spinnt. Und sie geht damit weiter, dass ihr die Ideen in die Tat umsetzt. Ganz nach dem Motto \u201eEs geht nicht gibt\u2019s nicht\u201c! Ob ein Lager im Ausland, eine Seifenkistenrally oder eine Schweizerreise nach dem Zufallsprinzip, die M\u00f6glichkeiten sind unendlich. Nach ca. einem Jahr hast du dann gen\u00fcgend Erfahrungen gesammelt um diese als Leiter den j\u00fcngeren Generationen wieder weiterzugeben.<\/p>\n<p>Wenn du Lust auf die Pios bekommen hast und noch mehr \u00fcber uns erfahren willst, kannst du dich \u00fcber das <a href=\"https:\/\/chumdochau.ch\/pfadi\/contact\/\">Kontaktformular<\/a> bei uns melden.<\/p>\n<\/div><\/div><!-- .lsow-panel --><div class=\"lsow-panel\" id=\"\"><div class=\"lsow-panel-title\">Kann ich schnuppern kommen?<\/div><div class=\"lsow-panel-content\"><p>Nat\u00fcrlich. Jedes Jahr im Fr\u00fchling gibt es einen grossen Pfadi-Schnupperanlass. Aber du kannst auch sonst jederzeit an einem unserer Anl\u00e4sse schnuppern kommen! Verwende dazu einfach das <a href=\"https:\/\/chumdochau.ch\/pfadi\/contact\/\">Kontaktformular<\/a> der Stufe deiner Wahl.<\/p>\n<\/div><\/div><!-- .lsow-panel --><div class=\"lsow-panel\" id=\"\"><div class=\"lsow-panel-title\">Welche Ausr\u00fcstung braucht ein Pfadi?<\/div><div class=\"lsow-panel-content\"><p>Die Pfadiausr\u00fcstung besteht meistens aus dem Foulard (der Pfadikrawatte). Die Pfadi findet meistens draussen statt. Darum empfehlen wir gute Schuhe und robuste Kleidung. Auch bei Regenwetter wird draussen Pfadi gemacht. Viele n\u00fctzliche Pfadigadgets findest du in unserem <a href=\"https:\/\/chumdochau.ch\/pfadi\/pfadi-materialbuero\/\">Pfadi-Materialb\u00fcro<\/a>, du kannst sie dort auch gleich bestellen.<\/p>\n<\/div><\/div><!-- .lsow-panel --><div class=\"lsow-panel\" id=\"\"><div class=\"lsow-panel-title\">Wer leitet die Pfadi?<\/div><div class=\"lsow-panel-content\"><p>Die Pfadi ist nach dem Motto \"Junge leiten Junge\" organisiert. Ab 17 Jahren \u00fcbernehmen die Jugendlichen Verantwortung. In einem Leitungsteam betreuen sie eine Gruppe und organisieren Pfadiaktivit\u00e4ten. \u00c4ltere Leiterinnen und Leiter sind f\u00fcr die Leiterteams und die Organisation der Abteilung verantwortlich. Sie setzen sich unentgeltlich f\u00fcr die Pfadi ein.<\/p>\n<\/div><\/div><!-- .lsow-panel --><div class=\"lsow-panel\" id=\"\"><div class=\"lsow-panel-title\">Wie sind die Leiterinnen und Leiter ausgebildet?<\/div><div class=\"lsow-panel-content\"><p>Alle zwei Jahre besuchen die Leiterinnen und Leiter Ausbildungskurse. Die Kurse werden von erfahrenen Kursleitenden geleitet und gemeinsam mit Jugend+Sport (J+S) durchgef\u00fchrt.<br \/>Im Pfadialltag werden die jungen Leiterinnen und Leiter von ihren \u00e4lteren Kolleginnen und Kollegen unterst\u00fctzt und beraten. Abteilungsleitungen und Abteilungscoach betreuen die Leitenden vor allem bei der Organisation und Durchf\u00fchrung von Lagern. Sie helfen in schwierigen Situationen und geben R\u00fcckmeldungen.<\/p>\n<\/div><\/div><!-- .lsow-panel --><\/div><!-- .lsow-accordion --><\/div><\/div><\/div><\/div><\/div><\/div>","protected":false},"excerpt":{"rendered":"<p>FAQ &#8211; Pfadi Schwyz &#8211; FAQ N\u00fctzliches Wissen rund um die Pfadi Schwyz: Wie alt muss ich sein f\u00fcr die Pfadi?Die Pfadi besteht aus\u00a0f\u00fcnf\u00a0Stufen: Die J\u00fcngsten sind die\u00a0Biber: F\u00fcr Kinder ab 5 bietet die Pfadi Raum sich selber und andere besser kennen zu lernen. Zudem werden Fantasiebed\u00fcrfnis und Kreativit\u00e4t angeregt.\u00a0Bei den\u00a0W\u00f6lfen\u00a0ab 7 steht der Entdeckungsdrang [&hellip;]<\/p>","protected":false},"author":1,"featured_media":0,"parent":0,"menu_order":0,"comment_status":"closed","ping_status":"closed","template":"","meta":[],"_links":{"self":[{"href":"https:\/\/chumdochau.ch\/pfadi\/wp-json\/wp\/v2\/pages\/91"}],"collection":[{"href":"https:\/\/chumdochau.ch\/pfadi\/wp-json\/wp\/v2\/pages"}],"about":[{"href":"https:\/\/chumdochau.ch\/pfadi\/wp-json\/wp\/v2\/types\/page"}],"author":[{"embeddable":true,"href":"https:\/\/chumdochau.ch\/pfadi\/wp-json\/wp\/v2\/users\/1"}],"replies":[{"embeddable":true,"href":"https:\/\/chumdochau.ch\/pfadi\/wp-json\/wp\/v2\/comments?post=91"}],"version-history":[{"count":46,"href":"https:\/\/chumdochau.ch\/pfadi\/wp-json\/wp\/v2\/pages\/91\/revisions"}],"predecessor-version":[{"id":17487,"href":"https:\/\/chumdochau.ch\/pfadi\/wp-json\/wp\/v2\/pages\/91\/revisions\/17487"}],"wp:attachment":[{"href":"https:\/\/chumdochau.ch\/pfadi\/wp-json\/wp\/v2\/media?parent=91"}],"curies":[{"name":"wp","href":"https:\/\/api.w.org\/{rel}","templated":true}]}}