{"id":25510,"date":"2021-08-20T14:20:26","date_gmt":"2021-08-20T12:20:26","guid":{"rendered":"https:\/\/chumdochau.ch\/pfadi\/?page_id=25510"},"modified":"2022-08-31T13:09:27","modified_gmt":"2022-08-31T11:09:27","slug":"zopfaktion-bestaetigung","status":"publish","type":"page","link":"https:\/\/chumdochau.ch\/pfadi\/zopfaktion-bestaetigung\/","title":{"rendered":"Zopfaktion-Best\u00e4tigung"},"content":{"rendered":"<div id=\"pl-25510\"  class=\"panel-layout\" ><div id=\"pg-25510-0\"  class=\"panel-grid panel-no-style\" ><div id=\"pgc-25510-0-0\"  class=\"panel-grid-cell\" ><div id=\"panel-25510-0-0-0\" class=\"so-panel widget widget_sow-editor panel-first-child\" data-index=\"0\" ><div\n\t\t\t\n\t\t\tclass=\"so-widget-sow-editor so-widget-sow-editor-base\"\n\t\t\t\n\t\t><h3 class=\"widget-title\">Bestellung erfolgreich. TWINT:<\/h3>\n<div class=\"siteorigin-widget-tinymce textwidget\">\n\t<h1>Mobile: Paylink anklicken &amp; den Anweisungen der TWINT-App folgen:<\/h1>\n<h1 style=\"text-align: left;\"><strong>PayLink:\u00a0<a href=\"https:\/\/pay.raisenow.io\/bwpvr\">https:\/\/pay.raisenow.io\/bwpvr<\/a><\/strong><\/h1>\n<\/div>\n<\/div><\/div><div id=\"panel-25510-0-0-1\" class=\"so-panel widget widget_media_image panel-last-child\" data-index=\"1\" ><h3 class=\"widget-title\">Desktop: QR-Code scannen &#038; den Anweisungen der TWINT-App folgen:<\/h3><img width=\"1087\" height=\"496\" src=\"https:\/\/chumdochau.ch\/pfadi\/wp-content\/uploads\/2021\/08\/TWINT_Individueller-Betrag_DE.png\" class=\"image wp-image-25551  attachment-full size-full\" alt=\"\" decoding=\"async\" loading=\"lazy\" style=\"max-width: 100%; height: auto;\" title=\"TWINT-App \u00f6ffnen und scannen:\" srcset=\"https:\/\/chumdochau.ch\/pfadi\/wp-content\/uploads\/2021\/08\/TWINT_Individueller-Betrag_DE.png 1087w, https:\/\/chumdochau.ch\/pfadi\/wp-content\/uploads\/2021\/08\/TWINT_Individueller-Betrag_DE-300x137.png 300w, https:\/\/chumdochau.ch\/pfadi\/wp-content\/uploads\/2021\/08\/TWINT_Individueller-Betrag_DE-1024x467.png 1024w, https:\/\/chumdochau.ch\/pfadi\/wp-content\/uploads\/2021\/08\/TWINT_Individueller-Betrag_DE-768x350.png 768w\" sizes=\"(max-width: 1087px) 100vw, 1087px\" \/><\/div><\/div><\/div><div id=\"pg-25510-1\"  class=\"panel-grid panel-no-style\" ><div id=\"pgc-25510-1-0\"  class=\"panel-grid-cell\" ><div id=\"panel-25510-1-0-0\" class=\"so-panel widget widget_sow-editor panel-first-child\" data-index=\"2\" ><div\n\t\t\t\n\t\t\tclass=\"so-widget-sow-editor so-widget-sow-editor-base\"\n\t\t\t\n\t\t>\n<div class=\"siteorigin-widget-tinymce textwidget\">\n\t<h3>Mit den Einnahmen finanzieren wir unsere ehrenamtliche Jugendarbeit und den Unterhalt unserer Lokale und des Materials, ohne welche die Pfadi nicht m\u00f6glich w\u00e4re. Danke f\u00fcr Deine Unterst\u00fctzung und en Guete!<\/h3>\n<\/div>\n<\/div><\/div><div id=\"panel-25510-1-0-1\" class=\"so-panel widget widget_sow-image panel-last-child\" data-index=\"3\" ><div\n\t\t\t\n\t\t\tclass=\"so-widget-sow-image so-widget-sow-image-default-334eeca80698-25510\"\n\t\t\t\n\t\t><h3 class=\"widget-title\">Unser Brotfl\u00fcsterer des Vertrauens:<\/h3>\n<div class=\"sow-image-container\">\n\t\t\t<a href=\"http:\/\/www.beckroman.ch\"\n\t\t\ttarget=\"_blank\" rel=\"noopener noreferrer\" \t\t>\n\t\t\t<img \n\tsrc=\"https:\/\/chumdochau.ch\/pfadi\/wp-content\/uploads\/2022\/03\/beckroman-logo-neu.png\" width=\"746\" height=\"214\" srcset=\"https:\/\/chumdochau.ch\/pfadi\/wp-content\/uploads\/2022\/03\/beckroman-logo-neu.png 746w, https:\/\/chumdochau.ch\/pfadi\/wp-content\/uploads\/2022\/03\/beckroman-logo-neu-300x86.png 300w\" sizes=\"(max-width: 746px) 100vw, 746px\" title=\"Unser Brotfl\u00fcsterer des Vertrauens:\" alt=\"Unser Brotfl\u00fcsterer des Vertrauens:\" loading=\"lazy\" \t\tclass=\"so-widget-image\"\/>\n\t\t\t<\/a><\/div>\n\n<\/div><\/div><\/div><\/div><\/div>","protected":false},"excerpt":{"rendered":"<p>Mobile: Paylink anklicken &amp; den Anweisungen der TWINT-App folgen: PayLink:\u00a0https:\/\/pay.raisenow.io\/bwpvr Mit den Einnahmen finanzieren wir unsere ehrenamtliche Jugendarbeit und den Unterhalt unserer Lokale und des Materials, ohne welche die Pfadi nicht m\u00f6glich w\u00e4re. Danke f\u00fcr Deine Unterst\u00fctzung und en Guete!<\/p>","protected":false},"author":1,"featured_media":0,"parent":0,"menu_order":0,"comment_status":"closed","ping_status":"closed","template":"","meta":[],"_links":{"self":[{"href":"https:\/\/chumdochau.ch\/pfadi\/wp-json\/wp\/v2\/pages\/25510"}],"collection":[{"href":"https:\/\/chumdochau.ch\/pfadi\/wp-json\/wp\/v2\/pages"}],"about":[{"href":"https:\/\/chumdochau.ch\/pfadi\/wp-json\/wp\/v2\/types\/page"}],"author":[{"embeddable":true,"href":"https:\/\/chumdochau.ch\/pfadi\/wp-json\/wp\/v2\/users\/1"}],"replies":[{"embeddable":true,"href":"https:\/\/chumdochau.ch\/pfadi\/wp-json\/wp\/v2\/comments?post=25510"}],"version-history":[{"count":61,"href":"https:\/\/chumdochau.ch\/pfadi\/wp-json\/wp\/v2\/pages\/25510\/revisions"}],"predecessor-version":[{"id":25532,"href":"https:\/\/chumdochau.ch\/pfadi\/wp-json\/wp\/v2\/pages\/25510\/revisions\/25532"}],"wp:attachment":[{"href":"https:\/\/chumdochau.ch\/pfadi\/wp-json\/wp\/v2\/media?parent=25510"}],"curies":[{"name":"wp","href":"https:\/\/api.w.org\/{rel}","templated":true}]}}